{"id":145,"date":"2018-05-05T18:08:03","date_gmt":"2018-05-05T16:08:03","guid":{"rendered":"http:\/\/www.vosgites.com\/wordpress2\/?page_id=145"},"modified":"2025-08-04T23:41:06","modified_gmt":"2025-08-04T21:41:06","slug":"tarif","status":"publish","type":"page","link":"https:\/\/www.vosgites.com\/index.php\/tarif\/","title":{"rendered":"Tarif"},"content":{"rendered":"<h5 style=\"text-align: left;\">Tout compris : Taxe de s\u00e9jour, wi-fi, eau, gaz, \u00e9lectricit\u00e9, t\u00e9l\u00e9vision, lave-linge, chauffage, un panier de bois fourni<\/h5>\n<h5 style=\"text-align: left;\">Animaux de compagnie accueillis gratuitement<\/h5>\n<table border=\"1\">\n<tbody>\n<tr style=\"height: 21px; background-color: #cbebb5;\">\n<td style=\"width: 262px; height: 14.1406px; text-align: center;\">\u00a0<\/td>\n<td style=\"width: 296px; height: 14.1406px; text-align: center;\"><strong><strong>Haute saison<\/strong><\/strong><strong><strong><br \/><\/strong><\/strong><\/td>\n<td style=\"width: 314px; height: 14.1406px; text-align: center;\"><strong><strong>Moyenne saison<\/strong><\/strong><strong><br \/><\/strong><\/td>\n<td style=\"width: 250px; height: 14.1406px; text-align: center;\"><strong>Basse saison<\/strong><strong><br \/><\/strong><\/td>\n<\/tr>\n<tr style=\"height: 21px; background-color: #e5f7d7;\">\n<td style=\"width: 262px; height: 21px; text-align: center;\"><strong>La nuit (2 nuits minimum)<\/strong><\/td>\n<td style=\"width: 296px; height: 21px; text-align: center;\">\u00a0<\/td>\n<td style=\"width: 314px; height: 21px; text-align: center;\">\u00a0<\/td>\n<td style=\"width: 250px; height: 21px; text-align: center;\">90 \u20ac<\/td>\n<\/tr>\n<tr style=\"height: 21px; background-color: #f8ffde;\">\n<td style=\"width: 262px; height: 21px; text-align: center;\"><strong>La semaine<\/strong><\/td>\n<td style=\"width: 296px; height: 21px; text-align: center;\">560 \u20ac<\/td>\n<td style=\"width: 314px; height: 21px; text-align: center;\">410 \u20ac<\/td>\n<td style=\"width: 250px; height: 21px; text-align: center;\">320 \u20ac<\/td>\n<\/tr>\n<tr style=\"height: 21px; background-color: #e5f7d7;\">\n<td style=\"width: 262px; height: 21px; text-align: center;\"><strong>3 semaines<\/strong><\/td>\n<td style=\"width: 296px; height: 21px; text-align: center;\">1120\u20ac<\/td>\n<td style=\"width: 314px; height: 21px; text-align: center;\">820 \u20ac<\/td>\n<td style=\"width: 250px; height: 21px; text-align: center;\">640 \u20ac<\/td>\n<\/tr>\n<\/tbody>\n<\/table>\n<p><a href=\"http:\/\/www.vosgites.com\/wordpress\/wp-content\/uploads\/2024\/05\/TARIF-2024-2025-1-scaled.jpg\"><img loading=\"lazy\" decoding=\"async\" class=\"alignnone wp-image-488 size-large\" src=\"http:\/\/www.vosgites.com\/wordpress\/wp-content\/uploads\/2024\/05\/TARIF-2024-2025-1-scaled-e1715382434817-1024x666.jpg\" alt=\"Tarif 2024-25\" width=\"837\" height=\"544\" srcset=\"https:\/\/www.vosgites.com\/wordpress\/wp-content\/uploads\/2024\/05\/TARIF-2024-2025-1-scaled-e1715382434817-1024x666.jpg 1024w, https:\/\/www.vosgites.com\/wordpress\/wp-content\/uploads\/2024\/05\/TARIF-2024-2025-1-scaled-e1715382434817-300x195.jpg 300w, https:\/\/www.vosgites.com\/wordpress\/wp-content\/uploads\/2024\/05\/TARIF-2024-2025-1-scaled-e1715382434817-768x499.jpg 768w, https:\/\/www.vosgites.com\/wordpress\/wp-content\/uploads\/2024\/05\/TARIF-2024-2025-1-scaled-e1715382434817-1536x998.jpg 1536w, https:\/\/www.vosgites.com\/wordpress\/wp-content\/uploads\/2024\/05\/TARIF-2024-2025-1-scaled-e1715382434817-2048x1331.jpg 2048w\" sizes=\"auto, (max-width: 837px) 100vw, 837px\" \/><\/a><\/p>\n<p><img loading=\"lazy\" decoding=\"async\" class=\"alignnone wp-image-498 size-large\" src=\"http:\/\/www.vosgites.com\/wordpress\/wp-content\/uploads\/2025\/08\/TARIF-2025-2026-scaled-e1754343632426-1024x683.jpg\" alt=\"Tarif 2025-26\" width=\"837\" height=\"558\" srcset=\"https:\/\/www.vosgites.com\/wordpress\/wp-content\/uploads\/2025\/08\/TARIF-2025-2026-scaled-e1754343632426-1024x683.jpg 1024w, https:\/\/www.vosgites.com\/wordpress\/wp-content\/uploads\/2025\/08\/TARIF-2025-2026-scaled-e1754343632426-300x200.jpg 300w, https:\/\/www.vosgites.com\/wordpress\/wp-content\/uploads\/2025\/08\/TARIF-2025-2026-scaled-e1754343632426-768x512.jpg 768w, https:\/\/www.vosgites.com\/wordpress\/wp-content\/uploads\/2025\/08\/TARIF-2025-2026-scaled-e1754343632426-1536x1024.jpg 1536w, https:\/\/www.vosgites.com\/wordpress\/wp-content\/uploads\/2025\/08\/TARIF-2025-2026-scaled-e1754343632426-2048x1366.jpg 2048w\" sizes=\"auto, (max-width: 837px) 100vw, 837px\" \/><\/p>\n<hr \/>\n<h3>Caution :<\/h3>\n<p>101\u20ac\u00a0 (201 \u20ac si animaux)<\/p>\n<hr \/>\n<p>Sur place et sur demande, sous r\u00e9serve de disponibilit\u00e9s, nous mettons \u00e0 votre disposition :<\/p>\n<h4>GRATUITEMENT :<\/h4>\n<ul>\n<li>lit parapluie<\/li>\n<li>chaise haute<\/li>\n<li>baignoire de b\u00e9b\u00e9<\/li>\n<li>petit v\u00e9lo \/ trotteur pour enfant<\/li>\n<li>ballons (panier de basket sur place)<\/li>\n<li>raquettes de badminton (terrain sur place)<\/li>\n<li>raquettes de ping pong (table sur place)<\/li>\n<li>boules de p\u00e9tanque<\/li>\n<li>corde \u00e0 sauter<\/li>\n<\/ul>\n<h4>EN OPTIONS (tarif pour la dur\u00e9e du s\u00e9jour) :<\/h4>\n<ul>\n<li>Linge de lit (draps + taies) : 20 \u20ac par lit<\/li>\n<li>Linge de toilette : 10 \u20ac par personne<\/li>\n<li>M\u00e9nage en fin de s\u00e9jour : 30 \u20ac<\/li>\n<\/ul>\n<p style=\"text-align: center;\"><img loading=\"lazy\" decoding=\"async\" class=\"wp-image-247 aligncenter\" src=\"http:\/\/www.vosgites.com\/wordpress\/wp-content\/uploads\/2018\/05\/logo-cheque-vacances-300x223.png\" alt=\"\" width=\"200\" height=\"149\" srcset=\"https:\/\/www.vosgites.com\/wordpress\/wp-content\/uploads\/2018\/05\/logo-cheque-vacances-300x223.png 300w, https:\/\/www.vosgites.com\/wordpress\/wp-content\/uploads\/2018\/05\/logo-cheque-vacances.png 480w\" sizes=\"auto, (max-width: 200px) 100vw, 200px\" \/>Si vous disposez de Ch\u00e8que-Vacances, nous les acceptons avec plaisir.<\/p>\n\n\n<p><\/p>\n","protected":false},"excerpt":{"rendered":"<p>Tout compris : Taxe de s\u00e9jour, wi-fi, eau, gaz, \u00e9lectricit\u00e9, t\u00e9l\u00e9vision, lave-linge, chauffage, un panier de bois fourni Animaux de compagnie accueillis gratuitement \u00a0 Haute saison Moyenne saison Basse saison La nuit (2 nuits minimum) \u00a0 \u00a0 90 \u20ac La semaine 560 \u20ac 410 \u20ac 320 \u20ac 3 semaines 1120\u20ac 820 \u20ac 640 \u20ac Caution <a class=\"read-more\" href=\"https:\/\/www.vosgites.com\/index.php\/tarif\/\">READ MORE<\/a><\/p>\n","protected":false},"author":1,"featured_media":0,"parent":0,"menu_order":0,"comment_status":"closed","ping_status":"closed","template":"","meta":{"footnotes":""},"class_list":["post-145","page","type-page","status-publish","hentry"],"_links":{"self":[{"href":"https:\/\/www.vosgites.com\/index.php\/wp-json\/wp\/v2\/pages\/145","targetHints":{"allow":["GET"]}}],"collection":[{"href":"https:\/\/www.vosgites.com\/index.php\/wp-json\/wp\/v2\/pages"}],"about":[{"href":"https:\/\/www.vosgites.com\/index.php\/wp-json\/wp\/v2\/types\/page"}],"author":[{"embeddable":true,"href":"https:\/\/www.vosgites.com\/index.php\/wp-json\/wp\/v2\/users\/1"}],"replies":[{"embeddable":true,"href":"https:\/\/www.vosgites.com\/index.php\/wp-json\/wp\/v2\/comments?post=145"}],"version-history":[{"count":52,"href":"https:\/\/www.vosgites.com\/index.php\/wp-json\/wp\/v2\/pages\/145\/revisions"}],"predecessor-version":[{"id":501,"href":"https:\/\/www.vosgites.com\/index.php\/wp-json\/wp\/v2\/pages\/145\/revisions\/501"}],"wp:attachment":[{"href":"https:\/\/www.vosgites.com\/index.php\/wp-json\/wp\/v2\/media?parent=145"}],"curies":[{"name":"wp","href":"https:\/\/api.w.org\/{rel}","templated":true}]}}