{"id":198,"date":"2018-05-06T14:29:14","date_gmt":"2018-05-06T12:29:14","guid":{"rendered":"http:\/\/www.vosgites.com\/wordpress2\/?page_id=198"},"modified":"2020-05-18T01:03:43","modified_gmt":"2020-05-17T23:03:43","slug":"distractions","status":"publish","type":"page","link":"https:\/\/www.vosgites.com\/index.php\/distractions\/","title":{"rendered":"Distractions"},"content":{"rendered":"<h1 style=\"text-align: center;\">\u00c0 Plombi\u00e8res<br \/>\nj&rsquo;ai envie de me distraire<\/h1>\n<p><iframe loading=\"lazy\" width=\"837\" height=\"471\" src=\"https:\/\/www.youtube.com\/embed\/S9nzrO2-UEY?feature=oembed\" frameborder=\"0\" allow=\"accelerometer; autoplay; encrypted-media; gyroscope; picture-in-picture\" allowfullscreen><\/iframe><\/p>\n<p><img loading=\"lazy\" decoding=\"async\" class=\"size-medium aligncenter\" src=\"http:\/\/vosgites.com\/photos_plombieres\/depliant1.jpg\" width=\"600\" height=\"609\" \/><\/p>\n<p><img loading=\"lazy\" decoding=\"async\" class=\"size-medium aligncenter\" src=\"http:\/\/vosgites.com\/photos_plombieres\/depliant2.jpg\" width=\"600\" height=\"1003\" \/><\/p>\n<hr \/>\n<h1 style=\"text-align: center;\">Plombi\u00e8res dans \u00ab\u00a0Le village pr\u00e9f\u00e9r\u00e9 des Fran\u00e7ais\u00a0\u00bb<\/h1>\n<p><iframe loading=\"lazy\" width=\"837\" height=\"471\" src=\"https:\/\/www.youtube.com\/embed\/ez0BEkCq8ic?feature=oembed\" frameborder=\"0\" allow=\"accelerometer; autoplay; encrypted-media; gyroscope; picture-in-picture\" allowfullscreen><\/iframe><\/p>\n<hr \/>\n<h1 style=\"text-align: center;\">Casino de Plombi\u00e8res<\/h1>\n<p><img loading=\"lazy\" decoding=\"async\" class=\"aligncenter size-medium\" src=\"http:\/\/vosgites.com\/photos_plombieres\/casino_exterieur.jpg\" width=\"500\" height=\"301\" \/><\/p>\n<p style=\"text-align: center;\"><img loading=\"lazy\" decoding=\"async\" class=\"aligncenter\" src=\"http:\/\/vosgites.com\/photos_plombieres\/casino_restaurant.jpg\" alt=\"Le Wagon restaurant\" width=\"372\" height=\"301\" \/>Le Wagon restaurant<\/p>\n<p style=\"text-align: center;\"><img loading=\"lazy\" decoding=\"async\" class=\"aligncenter\" src=\"http:\/\/vosgites.com\/photos_plombieres\/casino_interieur.jpg\" alt=\"\u00ab\u00a0Les jeux de l'amour et du hasard \u00bb\" width=\"373\" height=\"301\" \/>\u00ab\u00a0Les jeux de l&rsquo;amour et du hasard \u00bb<\/p>\n<hr \/>\n<h1 style=\"text-align: center;\">Caloda\u00e9<\/h1>\n<p><img loading=\"lazy\" decoding=\"async\" class=\"aligncenter size-medium\" src=\"http:\/\/vosgites.com\/photos_plombieres\/calodae_petit.jpg\" width=\"700\" height=\"438\" \/><\/p>\n<p>Le 2e centre Forme et D\u00e9tente en France<\/p>\n<p>Les recettes de son succ\u00e8s :<\/p>\n<ol>\n<li>Un rapport prestations-prix \u00e0 la port\u00e9e de tous<\/li>\n<li>Un parcours souterrain et arch\u00e9ologique \u00e9tonnant<\/li>\n<li>Les eaux thermales les plus chaudes de France (85\u00b0C) vous surprendront<\/li>\n<\/ol>\n<p>Caloda\u00e9 est compatible avec toutes vacances d&rsquo;\u00e9t\u00e9 et d&rsquo;hiver, car le centre de remise en forme est ouvert toute l&rsquo;ann\u00e9e.<\/p>\n<p>Pour plus d&rsquo;informations, voir <a href=\"http:\/\/www.plombieres-les-bains.com\/\">le site du centre Caloda\u00e9<\/a>.<\/p>\n<hr \/>\n<h1 style=\"text-align: center;\">Un office de tourisme class\u00e9 ***<\/h1>\n<h3 style=\"text-align: center;\">qui vous orientera vers :<\/h3>\n<ul>\n<li>2 grands parcs d&rsquo;agr\u00e9ment trac\u00e9s \u00e0 l&rsquo;anglaise : le Parc Imp\u00e9rial et le Parc Tivoli<\/li>\n<li>La pratique de tous les sports classiques : piscine chauff\u00e9e d\u00e9couverte (en \u00e9t\u00e9), tennis, \u00e9quitation, parcours de sant\u00e9, mini-golf<\/li>\n<li>Promenades \u00e0 \u00e2ne, \u00e9tang pour les p\u00eacheurs (beaucoup d&rsquo;autres possibilit\u00e9s autour de la station)<\/li>\n<li>180 km de promenades p\u00e9destres sur chemins et sentiers balis\u00e9s autour de la station<\/li>\n<li>En hiver : parcours de luge sur place, parcours de ski nordique \u00e0 proximit\u00e9 (Plombi\u00e8res ou le Girmont &#8211; Val d&rsquo;Ajol), ski alpin \u00e0 35 minutes environ<\/li>\n<\/ul>\n<p><img loading=\"lazy\" decoding=\"async\" class=\"aligncenter size-medium\" src=\"http:\/\/vosgites.com\/photos_plombieres\/vosges.jpg\" width=\"1600\" height=\"1000\" \/><\/p>\n<p>&nbsp;<\/p>\n<hr \/>\n<h1 style=\"text-align: center;\">3 Cascades \u00e0 moins de 10 km<\/h1>\n<ul>\n<li>la cascade du G\u00e9hart (remarquable, par ses \u00ab\u00a0marmites de g\u00e9ant\u00a0\u00bb, creus\u00e9es dans la roche par l&rsquo;eau tourbillonnante)<\/li>\n<li>la cascade de Faymont<\/li>\n<li>la cascade du gu\u00e9 du Saut<\/li>\n<\/ul>\n<p><img loading=\"lazy\" decoding=\"async\" class=\"aligncenter size-medium\" src=\"http:\/\/vosgites.com\/photos_plombieres\/cascades.jpg\" width=\"1600\" height=\"1000\" \/><\/p>\n<p>&nbsp;<\/p>\n<hr \/>\n<h1 style=\"text-align: center;\">Un march\u00e9 de No\u00ebl <em>\u00ab d&rsquo;autrefois \u00bb<\/em><br \/>\ndans une vall\u00e9e pr\u00e9serv\u00e9e<\/h1>\n<p><img loading=\"lazy\" decoding=\"async\" class=\"aligncenter size-medium\" src=\"http:\/\/vosgites.com\/photos_plombieres\/marche-de-noel.jpg\" width=\"1600\" height=\"1000\" \/><\/p>\n<p>La station de Plombi\u00e8res les Bains, r\u00e9pertori\u00e9e, parmi les \u201cPlus Beaux D\u00e9tours\u201d de France, \u00e9dit\u00e9s par les Guides Michelin, s\u2019enorgueillit encore de poss\u00e9der les eaux thermales les plus chaudes d\u2019Europe (85\u00b0), mais \u00e0 l\u2019approche des f\u00eates de No\u00ebl, elle se distingue surtout par un march\u00e9 de No\u00ebl surprenant&#8230; d\u2019autrefois, comme on dit dans les Vosges M\u00e9ridionales.<br \/>\nIl faut pr\u00e9ciser pour ceux qui ne connaissent pas la \u201cville aux mille balcons\u201d, que l\u2019architecture \u00e9l\u00e9gante -h\u00e9rit\u00e9e tout \u00e0 la fois, du si\u00e8cle des lumi\u00e8res et du second empire-, se pr\u00eate merveilleusement aux lumineuses d\u00e9corations festives d&rsquo;aujourd&rsquo;hui.<br \/>\nLes yeux de vos enfants vont eux aussi s\u2019illuminer devant la f\u00e9erie propos\u00e9e par de nombreux b\u00e9n\u00e9voles passionn\u00e9s, qui \u0153uvrent toute l\u2019ann\u00e9e \u00e0 tresser des couronnes de sapin et cr\u00e9er les lutins aux yeux de braise ou les personnages en feuillage qui ornent le parcours.<br \/>\nPlus de 100 artistes, artisans d\u2019art et exposants prennent part \u00e0 la f\u00eate, durant chacun des 4 week-ends de l\u2019avent. Leurs chalets et \u00e9choppes s\u2019\u00e9gr\u00e8nent au fil de la petite rue principale ou se regroupent entre Le Village des Antiquaires et Artisans d\u2019Art et L&rsquo;espace jeunesse.<br \/>\nEn alternance se succ\u00e8dent d\u00e9fil\u00e9s, concerts, spectacles, d\u00e9monstrations, expositions, ponctu\u00e9s par la d\u00e9gustation de l\u2019incontournable vin chaud \u00e0 la cannelle !<\/p>\n<p>Pour plus d&rsquo;informations, voir <a href=\"http:\/\/www.marchedenoel-plombieres.com\/\">le site du March\u00e9 de No\u00ebl<\/a>.<\/p>\n<hr \/>\n<p style=\"text-align: left;\">N&rsquo;h\u00e9sitez pas \u00e0 consulter <a href=\"https:\/\/www.facebook.com\/G%C3%AEtes-Chalets-des-Trois-H%C3%AAtres-1812806029037646\">notre\u00a0page Facebook<\/a> pour d\u2019autres id\u00e9es de distractions dans les environs.<\/p>\n","protected":false},"excerpt":{"rendered":"<p>\u00c0 Plombi\u00e8res j&rsquo;ai envie de me distraire Plombi\u00e8res dans \u00ab\u00a0Le village pr\u00e9f\u00e9r\u00e9 des Fran\u00e7ais\u00a0\u00bb Casino de Plombi\u00e8res Le Wagon restaurant \u00ab\u00a0Les jeux de l&rsquo;amour et du hasard \u00bb Caloda\u00e9 Le 2e centre Forme et D\u00e9tente en France Les recettes de son succ\u00e8s : Un rapport prestations-prix \u00e0 la port\u00e9e de tous Un parcours souterrain et <a class=\"read-more\" href=\"https:\/\/www.vosgites.com\/index.php\/distractions\/\">READ MORE<\/a><\/p>\n","protected":false},"author":1,"featured_media":0,"parent":0,"menu_order":0,"comment_status":"closed","ping_status":"closed","template":"","meta":{"footnotes":""},"class_list":["post-198","page","type-page","status-publish","hentry"],"_links":{"self":[{"href":"https:\/\/www.vosgites.com\/index.php\/wp-json\/wp\/v2\/pages\/198","targetHints":{"allow":["GET"]}}],"collection":[{"href":"https:\/\/www.vosgites.com\/index.php\/wp-json\/wp\/v2\/pages"}],"about":[{"href":"https:\/\/www.vosgites.com\/index.php\/wp-json\/wp\/v2\/types\/page"}],"author":[{"embeddable":true,"href":"https:\/\/www.vosgites.com\/index.php\/wp-json\/wp\/v2\/users\/1"}],"replies":[{"embeddable":true,"href":"https:\/\/www.vosgites.com\/index.php\/wp-json\/wp\/v2\/comments?post=198"}],"version-history":[{"count":15,"href":"https:\/\/www.vosgites.com\/index.php\/wp-json\/wp\/v2\/pages\/198\/revisions"}],"predecessor-version":[{"id":353,"href":"https:\/\/www.vosgites.com\/index.php\/wp-json\/wp\/v2\/pages\/198\/revisions\/353"}],"wp:attachment":[{"href":"https:\/\/www.vosgites.com\/index.php\/wp-json\/wp\/v2\/media?parent=198"}],"curies":[{"name":"wp","href":"https:\/\/api.w.org\/{rel}","templated":true}]}}